{"id":477,"date":"2020-08-08T12:47:38","date_gmt":"2020-08-08T05:47:38","guid":{"rendered":"https:\/\/fusionhotelgroup.com\/albawellnessvalley\/?page_id=477"},"modified":"2020-08-14T09:04:06","modified_gmt":"2020-08-14T02:04:06","slug":"chinh-sach-bao-mat-3","status":"publish","type":"page","link":"https:\/\/fusion-collection.com\/albawellnessvalleyhue\/chinh-sach-bao-mat-3\/","title":{"rendered":"CH\u00cdNH S\u00c1CH B\u1ea2O M\u1eacT"},"content":{"rendered":"<p>B\u1ea3o v\u1ec7 th\u00f4ng tin v\u00e0 d\u1eef li\u1ec7u Kh\u00e1ch h\u00e0ng lu\u00f4n l\u00e0 m\u1ed9t v\u1ea5n \u0111\u1ec1 quan tr\u1ecdng v\u1edbi Ch\u00fang t\u00f4i, do \u0111\u00f3 Ch\u00fang t\u00f4i ch\u1ec9 s\u1eed d\u1ee5ng t\u00ean v\u00e0 m\u1ed9t s\u1ed1 th\u00f4ng tin c\u00f3 li\u00ean quan \u0111\u1ebfn giao d\u1ecbch gi\u1eefa Ch\u00fang t\u00f4i v\u00e0 Kh\u00e1ch h\u00e0ng trong m\u1ed9t s\u1ed1 tr\u01b0\u1eddng h\u1ee3p nh\u1ea5t \u0111\u1ecbnh \u0111\u01b0\u1ee3c \u0111\u1ec1 ra trong ch\u00ednh s\u00e1ch b\u1ea3o m\u1eadt n\u00e0y. Ch\u00fang t\u00f4i ch\u1ec9 gi\u1eef th\u00f4ng tin Kh\u00e1ch h\u00e0ng trong tr\u01b0\u1eddng h\u1ee3p lu\u1eadt ph\u00e1p y\u00eau c\u1ea7u ho\u1eb7c cho m\u1ee5c \u0111\u00edch m\u00e0 th\u00f4ng tin \u0111\u00f3 \u0111\u01b0\u1ee3c thu th\u1eadp.<\/p>\n<p>Kh\u00e1ch h\u00e0ng c\u00f3 th\u1ec3 gh\u00e9 th\u0103m trang website\u00a0<a href=\"https:\/\/saigon.fusion-suites.com\/\" target=\"_blank\" rel=\"noreferrer noopener\" aria-label=\" (opens in a new tab)\">saigon.fusion-suites.com<\/a>\u00a0m\u00e0 kh\u00f4ng ph\u1ea3i cung c\u1ea5p b\u1ea5t k\u00ec th\u00f4ng tin c\u00e1 nh\u00e2n n\u00e0o.<\/p>\n<p>N\u1ebfu Kh\u00e1ch h\u00e0ng kh\u00f4ng hi\u1ec3u r\u00f5 hay c\u00f3 \u00fd ki\u1ebfn \u0111\u00f3ng g\u00f3p th\u00eam v\u1ec1 ch\u00ednh s\u00e1ch b\u1ea3o m\u1eadt n\u00e0y, xin vui l\u00f2ng g\u1eedi email \u0111\u1ebfn\u00a0<a href=\"mailto:marketing@fusionhotelgroup.com\" target=\"_blank\" rel=\"noopener noreferrer\">marketing@fusionhotelgroup.com<\/a>. Ch\u00fang t\u00f4i lu\u00f4n s\u1eb5n s\u00e0ng l\u1eafng nghe nh\u1eefng th\u00f4ng tin ph\u1ea3n h\u1ed3i c\u1ee7a Kh\u00e1ch h\u00e0ng.<\/p>\n<h3>M\u1ee5c \u0111\u00edch v\u00e0 ph\u1ea1m vi thu th\u1eadp th\u00f4ng tin<\/h3>\n<p>Ch\u00fang t\u00f4i ch\u1ec9 s\u1eed d\u1ee5ng th\u00f4ng tin c\u00e1 nh\u00e2n Kh\u00e1ch h\u00e0ng trong n\u1ed9i b\u1ed9 c\u00f4ng ty. Ch\u00fang t\u00f4i s\u1ebd kh\u00f4ng b\u00e1n, chia s\u1ebb th\u00f4ng tin c\u00e1 nh\u00e2n Kh\u00e1ch h\u00e0ng cho b\u1ea5t k\u00ec m\u1ed9t b\u00ean th\u1ee9 ba n\u00e0o kh\u00e1c.<\/p>\n<p>Th\u00f4ng tin m\u00e0 Ch\u00fang t\u00f4i thu th\u1eadp bao g\u1ed3m: h\u1ecd t\u00ean, s\u1ed1 \u0111i\u1ec7n tho\u1ea1i, \u0111\u1ecba ch\u1ec9, email.<\/p>\n<h3>Ph\u1ea1m vi s\u1eed d\u1ee5ng th\u00f4ng tin<\/h3>\n<p>Nh\u1eefng th\u00f4ng tin tr\u00ean s\u1ebd \u0111\u01b0\u1ee3c s\u1eed d\u1ee5ng cho m\u1ed9t ho\u1eb7c t\u1ea5t c\u1ea3 c\u00e1c m\u1ee5c \u0111\u00edch sau:<\/p>\n<ul>\n<li>Cung c\u1ea5p d\u1ecbch v\u1ee5 v\u00e0 th\u00f4ng tin qua trang website c\u1ee7a Ch\u00fang t\u00f4i theo y\u00eau c\u1ea7u c\u1ee7a Kh\u00e1ch h\u00e0ng.<\/li>\n<li>Th\u00f4ng b\u00e1o v\u1ec1 ho\u1ea1t \u0111\u1ed9ng c\u00f4ng ty, cung c\u1ea5p th\u00f4ng tin li\u00ean quan \u0111\u1ebfn d\u1ecbch v\u1ee5 v\u00e0 h\u1ed7 tr\u1ee3 Kh\u00e1ch h\u00e0ng.<\/li>\n<li>S\u1eed d\u1ee5ng th\u00f4ng tin Kh\u00e1ch h\u00e0ng cung c\u1ea5p \u0111\u1ec3 h\u1ed7 tr\u1ee3 qu\u1ea3n l\u00fd Kh\u00e1ch h\u00e0ng, nh\u1eadn di\u1ec7n nh\u00e2n kh\u1ea9u h\u1ecdc c\u1ee7a ng\u01b0\u1eddi s\u1eed d\u1ee5ng \u0111\u1ec3 t\u00f9y ch\u1ec9nh trang website sao cho ph\u00f9 h\u1ee3p v\u1edbi Kh\u00e1ch h\u00e0ng nh\u1ea5t.<\/li>\n<li>Ch\u00fang t\u00f4i s\u1ebd s\u1eed d\u1ee5ng th\u00f4ng tin c\u00e1 nh\u00e2n c\u1ee7a Kh\u00e1ch h\u00e0ng \u0111\u1ec3 g\u1eedi c\u00e1c th\u00f4ng tin \u01b0u \u0111\u00e3i khuy\u1ebfn m\u00e3i\/ti\u1ebfp th\u1ecb.<\/li>\n<\/ul>\n<h3>Th\u1eddi gian l\u01b0u tr\u1eef th\u00f4ng tin<\/h3>\n<p>Th\u00f4ng tin c\u00e1 nh\u00e2n do Kh\u00e1ch h\u00e0ng cung c\u1ea5p tr\u00ean c\u00e1c h\u1ec7 th\u1ed1ng n\u1ed9i b\u1ed9 c\u1ee7a Ch\u00fang t\u00f4i trong qu\u00e1 tr\u00ecnh cung c\u1ea5p d\u1ecbch v\u1ee5 cho Kh\u00e1ch h\u00e0ng ho\u1eb7c cho \u0111\u1ebfn khi ho\u00e0n th\u00e0nh m\u1ee5c \u0111\u00edch thu th\u1eadp ho\u1eb7c khi Kh\u00e1ch h\u00e0ng c\u00f3 y\u00eau c\u1ea7u h\u1ee7y c\u00e1c th\u00f4ng tin \u0111\u00e3 cung c\u1ea5p.<\/p>\n<h3>\u0110\u1ecba ch\u1ec9 c\u1ee7a \u0111\u01a1n v\u1ecb thu th\u1eadp v\u00e0 qu\u1ea3n l\u00fd th\u00f4ng tin c\u00e1 nh\u00e2n<\/h3>\n<p>Vi\u1ec7c thu th\u1eadp v\u00e0 qu\u1ea3n l\u00fd th\u00f4ng tin c\u00e1 nh\u00e2n c\u1ee7a Kh\u00e1ch h\u00e0ng \u0111\u01b0\u1ee3c th\u1ef1c hi\u1ec7n b\u1edfi C\u00d4NG TY TNHH SERENITY HOLDING VI\u1ec6T NAM. Ch\u00fang t\u00f4i s\u1ebd kh\u00f4ng giao quy\u1ec1n thu th\u1eadp v\u00e0 qu\u1ea3n l\u00fd th\u00f4ng tin cho b\u1ea5t k\u00ec m\u1ed9t b\u00ean th\u1ee9 ba n\u00e0o kh\u00e1c tr\u1eeb tr\u01b0\u1eddng h\u1ee3p c\u00f3 y\u00eau c\u1ea7u c\u1ee7a ph\u00e1p lu\u1eadt.<\/p>\n<p>Ch\u00fang t\u00f4i c\u00f3 quy\u1ec1n thay \u0111\u1ed5i v\u00e0 ch\u1ec9nh s\u1eeda Quy \u0111\u1ecbnh B\u1ea3o m\u1eadt b\u1ea5t c\u1ee9 l\u00fac n\u00e0o t\u00f9y theo s\u1ef1 thay \u0111\u1ed5i c\u1ee7a Ch\u00fang t\u00f4i ho\u1eb7c do y\u00eau c\u1ea7u c\u1ee7a ph\u00e1p lu\u1eadt. M\u1ecdi s\u1ef1 thay \u0111\u1ed5i n\u00e0y \u0111\u1ec1u \u0111\u01b0\u1ee3c \u0111\u0103ng tr\u00ean trang website c\u1ee7a Ch\u00fang t\u00f4i.<\/p>\n<p>N\u1ebfu Kh\u00e1ch h\u00e0ng c\u00f3 g\u00ec th\u1eafc m\u1eafc hay khi\u1ebfu n\u1ea1i, xin vui l\u00f2ng li\u00ean h\u1ec7 v\u1edbi Ch\u00fang t\u00f4i t\u1ea1i\u00a0<a href=\"mailto:marketing@fusionhotelgroup.com\" target=\"_blank\" rel=\"noopener noreferrer\">marketing@fusionhotelgroup.com<\/a>.<\/p>\n<h3>Quy\u1ec1n c\u1ee7a Kh\u00e1ch h\u00e0ng \u0111\u1ed1i v\u1edbi th\u00f4ng tin c\u00e1 nh\u00e2n<\/h3>\n<p>Kh\u00e1ch h\u00e0ng c\u00f3 quy\u1ec1n cung c\u1ea5p th\u00f4ng tin c\u00e1 nh\u00e2n cho ch\u00fang t\u00f4i v\u00e0 c\u00f3 th\u1ec3 thay \u0111\u1ed5i quy\u1ebft \u0111\u1ecbnh \u0111\u00f3 b\u1ea5t c\u1ee9 l\u00fac n\u00e0o.<\/p>\n<p>Kh\u00e1ch h\u00e0ng c\u00f3 quy\u1ec1n t\u1ef1 ki\u1ec3m tra, c\u1eadp nh\u1eadp, \u0111i\u1ec1u ch\u1ec9nh th\u00f4ng tin c\u00e1 nh\u00e2n c\u1ee7a m\u00ecnh ho\u1eb7c khi\u1ebfu n\u1ea1i v\u1ec1 vi\u1ec7c th\u00f4ng tin c\u00e1 nh\u00e2n b\u1ecb s\u1eed d\u1ee5ng sai m\u1ee5c \u0111\u00edch ho\u1eb7c ph\u1ea1m vi \u0111\u00e3 th\u00f4ng b\u00e1o b\u1eb1ng c\u00e1ch li\u00ean h\u1ec7 B\u1ed9 ph\u1eadn Ch\u0103m s\u00f3c kh\u00e1ch h\u00e0ng c\u1ee7a ch\u00fang t\u00f4i ho\u1eb7c qua email:\u00a0<a href=\"mailto:marketing@fusionhotelgroup.com\">marketing@fusionhotelgroup.com<\/a>.<\/p>\n<p>N\u1ebfu kh\u00e1ch h\u00e0ng mu\u1ed1n t\u1eeb ch\u1ed1i vi\u1ec7c nh\u1eadn b\u1ea5t k\u1ef3 th\u00f4ng tin khuy\u1ebfn m\u1ea1i, qu\u1ea3ng c\u00e1o, email, b\u1ea3n tin, tin nh\u1eafn v\u0103n b\u1ea3n, cu\u1ed9c g\u1ecdi \u0111i\u1ec7n tho\u1ea1i v\u00e0 th\u01b0, Qu\u00fd kh\u00e1ch vui l\u00f2ng li\u00ean h\u1ec7 B\u1ed9 ph\u1eadn Ch\u0103m s\u00f3c kh\u00e1ch h\u00e0ng \u0111\u1ec3 \u0111\u01b0\u1ee3c tr\u1ee3 gi\u00fap.<\/p>\n","protected":false},"excerpt":{"rendered":"<p>B\u1ea3o v\u1ec7 th\u00f4ng tin v\u00e0 d\u1eef li\u1ec7u Kh\u00e1ch h\u00e0ng lu\u00f4n l\u00e0 m\u1ed9t v\u1ea5n \u0111\u1ec1 quan tr\u1ecdng v\u1edbi Ch\u00fang t\u00f4i, do \u0111\u00f3 Ch\u00fang t\u00f4i ch\u1ec9 s\u1eed d\u1ee5ng t\u00ean v\u00e0 m\u1ed9t s\u1ed1 th\u00f4ng tin c\u00f3 li\u00ean quan \u0111\u1ebfn giao d\u1ecbch gi\u1eefa Ch\u00fang t\u00f4i v\u00e0 Kh\u00e1ch h\u00e0ng trong m\u1ed9t s\u1ed1 tr\u01b0\u1eddng h\u1ee3p nh\u1ea5t \u0111\u1ecbnh \u0111\u01b0\u1ee3c \u0111\u1ec1 ra trong [&hellip;]<\/p>\n","protected":false},"author":2,"featured_media":0,"parent":0,"menu_order":21,"comment_status":"closed","ping_status":"closed","template":"","meta":{"inline_featured_image":false,"footnotes":""},"class_list":["post-477","page","type-page","status-publish","hentry"],"aioseo_notices":[],"_links":{"self":[{"href":"https:\/\/fusion-collection.com\/albawellnessvalleyhue\/wp-json\/wp\/v2\/pages\/477","targetHints":{"allow":["GET"]}}],"collection":[{"href":"https:\/\/fusion-collection.com\/albawellnessvalleyhue\/wp-json\/wp\/v2\/pages"}],"about":[{"href":"https:\/\/fusion-collection.com\/albawellnessvalleyhue\/wp-json\/wp\/v2\/types\/page"}],"author":[{"embeddable":true,"href":"https:\/\/fusion-collection.com\/albawellnessvalleyhue\/wp-json\/wp\/v2\/users\/2"}],"replies":[{"embeddable":true,"href":"https:\/\/fusion-collection.com\/albawellnessvalleyhue\/wp-json\/wp\/v2\/comments?post=477"}],"version-history":[{"count":3,"href":"https:\/\/fusion-collection.com\/albawellnessvalleyhue\/wp-json\/wp\/v2\/pages\/477\/revisions"}],"predecessor-version":[{"id":645,"href":"https:\/\/fusion-collection.com\/albawellnessvalleyhue\/wp-json\/wp\/v2\/pages\/477\/revisions\/645"}],"wp:attachment":[{"href":"https:\/\/fusion-collection.com\/albawellnessvalleyhue\/wp-json\/wp\/v2\/media?parent=477"}],"curies":[{"name":"wp","href":"https:\/\/api.w.org\/{rel}","templated":true}]}}