{"id":488,"date":"2020-08-08T12:58:38","date_gmt":"2020-08-08T05:58:38","guid":{"rendered":"https:\/\/fusionhotelgroup.com\/albawellnessvalley\/?page_id=488"},"modified":"2020-08-14T09:04:37","modified_gmt":"2020-08-14T02:04:37","slug":"phuong-thuc-thanh-toan","status":"publish","type":"page","link":"https:\/\/fusion-collection.com\/albawellnessvalleyhue\/phuong-thuc-thanh-toan\/","title":{"rendered":"PH\u01af\u01a0NG TH\u1ee8C THANH TO\u00c1N"},"content":{"rendered":"<h3>H\u01b0\u1edbng d\u1eabn \u0111\u1eb7t ph\u00f2ng<\/h3>\n<p><strong>Sau khi tham kh\u1ea3o th\u00f4ng tin ph\u00f2ng do website cung c\u1ea5p, \u0111\u1ec3 \u0111\u1eb7t ph\u00f2ng, Kh\u00e1ch h\u00e0ng c\u00f3 th\u1ec3 l\u00e0m theo hai c\u00e1ch sau:<\/strong><\/p>\n<p>C\u00e1ch 1: G\u1ecdi \u0111i\u1ec7n tho\u1ea1i tr\u1ef1c ti\u1ebfp \u0111\u1ebfn s\u1ed1 \u0111i\u1ec7n tho\u1ea1i c\u1ee7a Kh\u00e1ch s\u1ea1n \u0111\u1ec3 nh\u1eadn t\u01b0 v\u1ea5n nhanh h\u01a1n v\u00e0 bi\u1ebft ch\u00ednh x\u00e1c th\u00f4ng tin ph\u00f2ng c\u00f2n tr\u1ed1ng.<\/p>\n<p>C\u00e1ch 2: \u0110\u1ebfn tr\u1ef1c ti\u1ebfp \u0111\u1ecba ch\u1ec9 kh\u00e1ch s\u1ea1n tr\u00ean website \u0111\u1ec3 \u0111\u1eb7t ph\u00f2ng.<\/p>\n<p><strong>Th\u1eddi gian nh\u1eadn ph\u00f2ng:<\/strong><\/p>\n<ul>\n<li>Nh\u1eadn ph\u00f2ng t\u1eeb 14:00 (vi\u1ec7c nh\u1eadn ph\u00f2ng s\u1edbm t\u00f9y thu\u1ed9c v\u00e0o t\u00ecnh tr\u1ea1ng ph\u00f2ng tr\u1ed1ng c\u1ee7a Kh\u00e1ch s\u1ea1n v\u00e0 Qu\u00fd kh\u00e1ch c\u00f3 th\u1ec3 ph\u1ea3i tr\u1ea3 th\u00eam m\u1ed9t kho\u1ea3n cho y\u00eau c\u1ea7u n\u00e0y)<\/li>\n<li>Tr\u1ea3 ph\u00f2ng tr\u01b0\u1edbc 12:00 tr\u01b0a.<\/li>\n<\/ul>\n<p><strong>*L\u01b0u \u00fd:<\/strong>\u00a0C\u00e1c d\u1ecbch v\u1ee5 kh\u00e1c ngo\u00e0i ch\u01b0\u01a1ng tr\u00ecnh, thu ph\u00ed b\u00ecnh th\u01b0\u1eddng theo quy \u0111\u1ecbnh\/gi\u00e1 c\u1ee7a kh\u00e1ch s\u1ea1n.<\/p>\n<h3>H\u00ecnh th\u1ee9c thanh to\u00e1n<\/h3>\n<p>Khi Qu\u00fd kh\u00e1ch \u0111\u1eb7t ph\u00f2ng, h\u1ec7 th\u1ed1ng \u0111\u1eb7t ph\u00f2ng c\u1ee7a Ch\u00fang t\u00f4i s\u1ebd g\u1eedi x\u00e1c nh\u1eadn cho Qu\u00fd kh\u00e1ch qua Email. Qu\u00fd kh\u00e1ch c\u1ea7n thanh to\u00e1n cho \u0111\u01a1n \u0111\u1eb7t ph\u00f2ng v\u00e0o ng\u00e0y \u0111\u1ebfn h\u1ea1n theo m\u1ed9t trong c\u00e1c c\u00e1ch sau:<\/p>\n<p><strong>Thanh to\u00e1n tr\u1ef1c tuy\u1ebfn qua th\u1ebb ng\u00e2n h\u00e0ng: th\u1ebb ATM, ho\u1eb7c th\u1ebb thanh to\u00e1n qu\u1ed1c t\u1ebf.<\/strong><\/p>\n<ul>\n<li>L\u00e0 h\u00ecnh th\u1ee9c thanh to\u00e1n tr\u1ef1c tuy\u1ebfn nhanh ch\u00f3ng, ti\u1ec7n l\u1ee3i cho nh\u1eefng kh\u00e1ch mu\u1ed1n \u0111\u1eb7t ph\u00f2ng tr\u01b0\u1edbc.<\/li>\n<li>\u0110\u1ec3 thanh to\u00e1n cho \u0111\u01a1n \u0111\u1eb7t ph\u00f2ng:<\/li>\n<li>H\u1ec7 th\u1ed1ng \u0111\u1eb7t ph\u00f2ng s\u1ebd chuy\u1ec3n Qu\u00fd kh\u00e1ch \u0111\u1ebfn trang thanh to\u00e1n tr\u1ef1c tuy\u1ebfn. Qu\u00fd kh\u00e1ch l\u00e0m theo h\u01b0\u1edbng d\u1eabn \u0111\u1ec3 thanh to\u00e1n cho \u0111\u01a1n \u0111\u1eb7t ph\u00f2ng.<\/li>\n<li>Khi h\u1ec7 th\u1ed1ng \u0111\u1eb7t ph\u00f2ng ch\u01b0a \u0111\u01b0\u1ee3c k\u1ebft n\u1ed1i \u0111\u1ec3 thanh to\u00e1n tr\u1ef1c tuy\u1ebfn, Ch\u00fang t\u00f4i s\u1ebd g\u1eedi cho Qu\u00fd kh\u00e1ch m\u1ed9t \u0111\u01b0\u1eddng d\u1eabn \u0111\u1ebfn trang thanh to\u00e1n tr\u1ef1c tuy\u1ebfn c\u1ee7a ng\u00e2n h\u00e0ng m\u00e0 Ch\u00fang t\u00f4i h\u1ee3p t\u00e1c. Qu\u00fd kh\u00e1ch l\u00e0m theo h\u01b0\u1edbng d\u1eabn \u0111\u1ec3 thanh to\u00e1n cho \u0111\u01a1n \u0111\u1eb7t ph\u00f2ng.<\/li>\n<li>N\u1ebfu qu\u00e1 th\u1eddi h\u1ea1n m\u00e0 \u0111\u01a1n \u0111\u1eb7t ph\u00f2ng ch\u01b0a \u0111\u01b0\u1ee3c thanh to\u00e1n, Ch\u00fang t\u00f4i c\u00f3 quy\u1ec1n \u0111\u01a1n ph\u01b0\u01a1ng h\u1ee7y \u0111\u01a1n \u0111\u1eb7t ph\u00f2ng c\u1ee7a Qu\u00fd kh\u00e1ch.<\/li>\n<\/ul>\n<p><strong>Thanh to\u00e1n ngo\u1ea1i tuy\u1ebfn qua th\u1ebb ng\u00e2n h\u00e0ng: th\u1ebb ATM, ho\u1eb7c th\u1ebb thanh to\u00e1n qu\u1ed1c t\u1ebf.<\/strong><\/p>\n<ul>\n<li>Khi h\u00ecnh th\u1ee9c thanh to\u00e1n tr\u1ef1c tuy\u1ebfn ch\u01b0a s\u1eb5n s\u00e0ng, Ch\u00fang t\u00f4i s\u1ebd g\u1eedi cho Qu\u00fd kh\u00e1ch phi\u1ebfu \u201c\u1ee6y quy\u1ec1n thanh to\u00e1n th\u1ebb t\u00edn d\u1ee5ng\u201d, Qu\u00fd kh\u00e1ch vui l\u00f2ng \u0111i\u1ec1n \u0111\u1ea9y \u0111\u1ee7 th\u00f4ng tin, k\u00fd t\u00ean v\u00e0 cung c\u1ea5p b\u1ea3n sao b\u1ea3n sao 2 m\u1eb7t th\u1ebb, b\u1ea3n sao H\u1ed9 chi\u1ebfu \/ Ch\u1ee9ng minh th\u01b0 \u0111\u1ec3 \u0111\u1ea3m b\u1ea3o cho \u0111\u01a1n \u0111\u1eb7t ph\u00f2ng, v\u00e0 g\u1eedi l\u1ea1i cho Ch\u00fang t\u00f4i.<\/li>\n<li>Tr\u01b0\u1eddng h\u1ee3p Qu\u00fd kh\u00e1ch mu\u1ed1n d\u00f9ng th\u1ebb \u0111\u00e3 cung c\u1ea5p cho Ch\u00fang t\u00f4i \u0111\u1ec3 thanh to\u00e1n cho \u0111\u01a1n \u0111\u1eb7t ph\u00f2ng, ch\u00fang t\u00f4i s\u1ebd thu ti\u1ec1n tr\u00ean th\u1ebb v\u00e0o ng\u00e0y \u0111\u1ebfn h\u1ea1n thanh to\u00e1n. Qu\u00fd kh\u00e1ch vui l\u00f2ng \u0111em theo th\u1ebb v\u00e0 tr\u00ecnh cho nh\u00e2n vi\u00ean ch\u00fang t\u00f4i l\u00fac nh\u1eadn ph\u00f2ng \u0111\u1ec3 x\u00e1c th\u1ef1c ch\u1ee7 th\u1ebb. N\u1ebfu kh\u00f4ng, \u0111\u01a1n \u0111\u1eb7t ph\u00f2ng c\u1ee7a Qu\u00fd kh\u00e1ch ph\u1ea3i \u0111\u01b0\u1ee3c thanh to\u00e1n b\u1eb1ng th\u1ebb kh\u00e1c ho\u1eb7c ti\u1ec1n m\u1eb7t. Khi \u0111\u00f3, Ch\u00fang t\u00f4i s\u1ebd ho\u00e0n l\u1ea1i kho\u1ea3n ti\u1ec1n v\u00e0o th\u1ebb m\u00e0 ch\u00fang t\u00f4i \u0111\u00e3 thu ti\u1ec1n. Vi\u1ec7c n\u00e0y s\u1ebd m\u1ea5t m\u1ed9t kho\u1ea3n th\u1eddi gian, trung b\u00ecnh kho\u1ea3ng 21 ng\u00e0y l\u00e0m vi\u1ec7c, \u0111\u1ec3 Qu\u00fd kh\u00e1ch nh\u1eadn \u0111\u01b0\u1ee3c kho\u1ea3n ti\u1ec1n v\u00e0o t\u00e0i kho\u1ea3n th\u1ebb.<\/li>\n<li>Tr\u01b0\u1eddng h\u1ee3p Qu\u00fd kh\u00e1ch mu\u1ed1n thanh to\u00e1n cho \u0111\u01a1n \u0111\u1eb7t ph\u00f2ng b\u1eb1ng th\u1ebb kh\u00e1c, vui l\u00f2ng b\u00e1o cho Ch\u00fang t\u00f4i. Ch\u00fang t\u00f4i s\u1ebd kh\u00f4ng thu ti\u1ec1n tr\u00ean th\u1ebb \u0111\u00e3 \u0111\u01b0\u1ee3c cung c\u1ea5p. Tuy nhi\u00ean, Ch\u00fang t\u00f4i s\u1ebd kh\u00f3a m\u1ed9t kho\u1ea3n, b\u1eb1ng s\u1ed1 ti\u1ec1n c\u1ee7a \u0111\u01a1n \u0111\u1eb7t ph\u00f2ng, tr\u00ean th\u1ebb n\u00e0y v\u00e0o ng\u00e0y \u0111\u1ebfn h\u1ea1n thanh to\u00e1n.<\/li>\n<li>Ch\u00fang t\u00f4i s\u1ebd thu ti\u1ec1n tr\u00ean th\u1ebb \u0111\u00e3 \u0111\u01b0\u1ee3c cung c\u1ea5p n\u1ebfu Qu\u00fd kh\u00e1ch kh\u00f4ng \u0111\u1ebfn nh\u1eadn ph\u00f2ng nh\u01b0 \u0111\u00e3 \u0111\u1eb7t v\u00e0o ng\u00e0y nh\u1eadn ph\u00f2ng (No-show) v\u00e0 kh\u00f4ng ho\u00e0n l\u1ea1i.<\/li>\n<li>Ch\u00fang t\u00f4i y\u00eau c\u1ea7u ch\u1ee7 th\u1ebb ph\u1ea3i l\u00e0 kh\u00e1ch \u0111\u1ebfn l\u01b0u tr\u00fa t\u1ea1i Kh\u00e1ch s\u1ea1n.<\/li>\n<li>Ch\u00fang t\u00f4i c\u00f3 quy\u1ec1n \u0111\u01a1n ph\u01b0\u01a1ng h\u1ee7y \u0111\u01a1n \u0111\u1eb7t ph\u00f2ng c\u1ee7a Qu\u00fd kh\u00e1ch n\u1ebfu Qu\u00fd kh\u00e1ch kh\u00f4ng cung c\u1ea5p \u0111\u1ea7y \u0111\u1ee7 th\u00f4ng tin ho\u1eb7c Ch\u00fang t\u00f4i kh\u00f4ng nh\u1eadn \u0111\u01b0\u1ee3c h\u1ed3i \u00e2m c\u1ee7a Qu\u00fd kh\u00e1ch v\u00e0o ng\u00e0y \u0111\u1ebfn h\u1ea1n thanh to\u00e1n.<\/li>\n<\/ul>\n<p><strong>Ph\u01b0\u01a1ng th\u1ee9c thanh to\u00e1n b\u1eb1ng chuy\u1ec3n kho\u1ea3n qua ng\u00e2n h\u00e0ng:<\/strong><\/p>\n<ul>\n<li>\u0110\u00e2y l\u00e0 h\u00ecnh th\u1ee9c thanh to\u00e1n kh\u00f4ng s\u1eed d\u1ee5ng th\u1ebb ng\u00e2n h\u00e0ng, d\u00e0nh cho kh\u00e1ch mu\u1ed1n \u0111\u1eb7t ph\u00f2ng tr\u01b0\u1edbc<\/li>\n<li>Ch\u00fang t\u00f4i s\u1ebd g\u1eedi th\u00f4ng tin t\u00e0i kho\u1ea3n \u0111\u1ebfn \u0111\u1ecba ch\u1ec9 email c\u1ee7a Qu\u00fd kh\u00e1ch<\/li>\n<li>Vui l\u00f2ng chuy\u1ec3n ti\u1ec1n \u0111\u1ebfn t\u00e0i kho\u1ea3n c\u1ee7a Kh\u00e1ch s\u1ea1n. Khi chuy\u1ec3n kho\u1ea3n ghi r\u00f5 H\u1ecd t\u00ean, s\u1ed1 \u0111i\u1ec7n tho\u1ea1i ng\u01b0\u1eddi g\u1eedi, s\u1ed1 x\u00e1c nh\u1eadn c\u1ee7a \u0111\u01a1n \u0111\u1eb7t ph\u00f2ng, v\u00e0 b\u00e1o cho Ch\u00fang t\u00f4i \u0111\u1ec3 ki\u1ebfm tra s\u1ed1 ti\u1ec1n c\u1ee7a Qu\u00fd kh\u00e1ch \u0111\u00e3 chuy\u1ec3n.<\/li>\n<li>Sau khi nh\u1eadn \u0111\u01b0\u1ee3c ti\u1ec1n, Ch\u00fang t\u00f4i s\u1ebd li\u00ean h\u1ec7 \u0111\u1ec3 x\u00e1c nh\u1eadn cho Qu\u00fd kh\u00e1ch<\/li>\n<li>N\u1ebfu qu\u00e1 th\u1eddi h\u1ea1n m\u00e0 \u0111\u01a1n \u0111\u1eb7t ph\u00f2ng ch\u01b0a \u0111\u01b0\u1ee3c thanh to\u00e1n, Ch\u00fang t\u00f4i c\u00f3 quy\u1ec1n \u0111\u01a1n ph\u01b0\u01a1ng h\u1ee7y \u0111\u01a1n \u0111\u1eb7t ph\u00f2ng c\u1ee7a Qu\u00fd kh\u00e1ch.<\/li>\n<\/ul>\n<p><strong>Ph\u01b0\u01a1ng th\u1ee9c thanh to\u00e1n tr\u1ef1c ti\u1ebfp:<\/strong><\/p>\n<ul>\n<li>\u0110\u00e2y l\u00e0 c\u00e1ch thanh to\u00e1n linh ho\u1ea1t, d\u00e0nh cho Qu\u00fd kh\u00e1ch \u0111\u1eb7t ph\u00f2ng tr\u1ef1c ti\u1ebfp t\u1ea1i qu\u1ea7y L\u1ec5 t\u00e2n c\u1ee7a Kh\u00e1ch s\u1ea1n. T\u00f9y theo th\u1ecfa thu\u1eadn, Qu\u00fd kh\u00e1ch s\u1ebd thanh to\u00e1n tr\u1ef1c ti\u1ebfp chi ph\u00ed t\u1ea1i qu\u1ea7y L\u1ec5 t\u00e2n tr\u01b0\u1edbc ho\u1eb7c sau khi s\u1eed d\u1ee5ng d\u1ecbch v\u1ee5.<\/li>\n<\/ul>\n<p><strong>Ch\u00ednh s\u00e1ch b\u1ea3o m\u1eadt thanh to\u00e1n:<\/strong><\/p>\n<p>Ch\u00fang t\u00f4i kh\u00f4ng l\u01b0u gi\u1eef b\u1ea5t k\u1ef3 th\u00f4ng tin n\u00e0o li\u00ean quan \u0111\u1ebfn Th\u1ebb T\u00edn D\u1ee5ng ho\u1eb7c t\u00e0i kho\u1ea3n ng\u00e2n h\u00e0ng m\u00e0 Qu\u00fd kh\u00e1ch s\u1eed d\u1ee5ng tr\u00ean website th\u00f4ng qua c\u1ed5ng thanh to\u00e1n c\u1ee7a b\u00ean th\u1ee9 3.<\/p>\n<p>H\u1ec7 th\u1ed1ng thanh to\u00e1n th\u1ebb tr\u00ean website \u0111\u01b0\u1ee3c cung c\u1ea5p b\u1edfi c\u00e1c \u0110\u1ed1i t\u00e1c c\u1ed5ng thanh to\u00e1n \u0111\u00e3 \u0111\u01b0\u1ee3c c\u1ea5p ph\u00e9p ho\u1ea1t \u0111\u1ed9ng h\u1ee3p ph\u00e1p t\u1ea1i Vi\u1ec7t Nam. Do \u0111\u00f3, c\u00e1c ti\u00eau chu\u1ea9n b\u1ea3o m\u1eadt thanh to\u00e1n th\u1ebb c\u1ee7a ch\u00fang t\u00f4i \u0111\u1ea3m b\u1ea3o tu\u00e2n th\u1ee7 theo c\u00e1c ti\u00eau chu\u1ea9n b\u1ea3o m\u1eadt c\u1ee7a \u0110\u1ed1i t\u00e1c c\u1ed5ng thanh to\u00e1n.<\/p>\n","protected":false},"excerpt":{"rendered":"<p>H\u01b0\u1edbng d\u1eabn \u0111\u1eb7t ph\u00f2ng Sau khi tham kh\u1ea3o th\u00f4ng tin ph\u00f2ng do website cung c\u1ea5p, \u0111\u1ec3 \u0111\u1eb7t ph\u00f2ng, Kh\u00e1ch h\u00e0ng c\u00f3 th\u1ec3 l\u00e0m theo hai c\u00e1ch sau: C\u00e1ch 1: G\u1ecdi \u0111i\u1ec7n tho\u1ea1i tr\u1ef1c ti\u1ebfp \u0111\u1ebfn s\u1ed1 \u0111i\u1ec7n tho\u1ea1i c\u1ee7a Kh\u00e1ch s\u1ea1n \u0111\u1ec3 nh\u1eadn t\u01b0 v\u1ea5n nhanh h\u01a1n v\u00e0 bi\u1ebft ch\u00ednh x\u00e1c th\u00f4ng tin ph\u00f2ng c\u00f2n [&hellip;]<\/p>\n","protected":false},"author":2,"featured_media":0,"parent":0,"menu_order":26,"comment_status":"closed","ping_status":"closed","template":"","meta":{"inline_featured_image":false,"footnotes":""},"class_list":["post-488","page","type-page","status-publish","hentry"],"aioseo_notices":[],"_links":{"self":[{"href":"https:\/\/fusion-collection.com\/albawellnessvalleyhue\/wp-json\/wp\/v2\/pages\/488","targetHints":{"allow":["GET"]}}],"collection":[{"href":"https:\/\/fusion-collection.com\/albawellnessvalleyhue\/wp-json\/wp\/v2\/pages"}],"about":[{"href":"https:\/\/fusion-collection.com\/albawellnessvalleyhue\/wp-json\/wp\/v2\/types\/page"}],"author":[{"embeddable":true,"href":"https:\/\/fusion-collection.com\/albawellnessvalleyhue\/wp-json\/wp\/v2\/users\/2"}],"replies":[{"embeddable":true,"href":"https:\/\/fusion-collection.com\/albawellnessvalleyhue\/wp-json\/wp\/v2\/comments?post=488"}],"version-history":[{"count":2,"href":"https:\/\/fusion-collection.com\/albawellnessvalleyhue\/wp-json\/wp\/v2\/pages\/488\/revisions"}],"predecessor-version":[{"id":647,"href":"https:\/\/fusion-collection.com\/albawellnessvalleyhue\/wp-json\/wp\/v2\/pages\/488\/revisions\/647"}],"wp:attachment":[{"href":"https:\/\/fusion-collection.com\/albawellnessvalleyhue\/wp-json\/wp\/v2\/media?parent=488"}],"curies":[{"name":"wp","href":"https:\/\/api.w.org\/{rel}","templated":true}]}}