{"id":550,"date":"2020-08-10T11:24:18","date_gmt":"2020-08-10T04:24:18","guid":{"rendered":"https:\/\/fusionhotelgroup.com\/albawellnessvalley\/?page_id=550"},"modified":"2020-08-14T09:03:38","modified_gmt":"2020-08-14T02:03:38","slug":"dieu-khoan-chung-2","status":"publish","type":"page","link":"https:\/\/fusion-collection.com\/albawellnessvalleyhue\/dieu-khoan-chung-2\/","title":{"rendered":"\u0110I\u1ec0U KHO\u1ea2N CHUNG"},"content":{"rendered":"<h3>Quy tr\u00ecnh gi\u1ea3i quy\u1ebft khi\u1ebfu n\u1ea1i<\/h3>\n<p>Khi ph\u00e1t sinh tranh ch\u1ea5p (sau khi Kh\u00e1ch h\u00e0ng \u0111\u00e3 \u0111\u1eb7t ph\u00f2ng), Kh\u00e1ch h\u00e0ng c\u00f3 th\u1ec3 khi\u1ebfu n\u1ea1i v\u1edbi Ch\u00fang t\u00f4i tr\u1ef1c ti\u1ebfp qua hotline c\u1ee7a kh\u00e1ch s\u1ea1n<\/p>\n<p>Khi\u1ebfu n\u1ea1i c\u1ee7a Kh\u00e1ch h\u00e0ng \u0111\u01b0\u1ee3c ti\u1ebfp nh\u1eadn v\u00e0 s\u1ebd \u0111\u01b0\u1ee3c chuy\u1ec3n \u0111\u1ebfn b\u1ed9 ph\u1eadn ph\u1ee5 tr\u00e1ch trong th\u1eddi gian 24h v\u00e0 gi\u1ea3i quy\u1ebft trong th\u1eddi gian s\u1edbm nh\u1ea5t.<\/p>\n<h3>Ch\u00ednh s\u00e1ch \u0111\u1ed5i ph\u00f2ng, \u0111\u1ed5i ng\u00e0y nh\u1eadn tr\u1ea3 ph\u00f2ng<\/h3>\n<p>Trong tr\u01b0\u1eddng h\u1ee3p Kh\u00e1ch h\u00e0ng mu\u1ed1n \u0111\u1ed5i ng\u00e0y tr\u1ea3 ph\u00f2ng, \u0111\u1ed5i ph\u00f2ng vui l\u00f2ng li\u00ean h\u1ec7 v\u1edbi b\u1ed9 ph\u1eadn \u0111\u1eb7t ph\u00f2ng c\u1ee7a Ch\u00fang t\u00f4i \u0111\u1ec3 \u0111\u01b0\u1ee3c h\u1ed7 tr\u1ee3.<\/p>\n<h3>Ch\u00ednh s\u00e1ch h\u1ee7y ph\u00f2ng<\/h3>\n<p>T\u00f9y theo kh\u00e1ch s\u1ea1n, th\u1eddi \u0111i\u1ec3m v\u00e0 lo\u1ea1i gi\u00e1 kh\u00e1c nhau m\u00e0 ch\u00ednh s\u00e1ch h\u1ee7y ph\u00f2ng s\u1ebd kh\u00e1c nhau. D\u01b0\u1edbi \u0111\u00e2y l\u00e0 ch\u00ednh s\u00e1ch h\u1ee7y ph\u00f2ng c\u01a1 b\u1ea3n, \u00e1p d\u1ee5ng khi ch\u00ednh s\u00e1ch h\u1ee7y ph\u00f2ng kh\u00f4ng \u0111\u01b0\u1ee3c \u0111\u1ec1 c\u1eadp trong \u0111\u01a1n \u0111\u1eb7t ph\u00f2ng ho\u1eb7c tr\u00ean trang \u0111\u1eb7t ph\u00f2ng tr\u1ef1c tuy\u1ebfn.<\/p>\n<ul>\n<li>Trong tr\u01b0\u1eddng h\u1ee3p Kh\u00e1ch h\u00e0ng hu\u1ef7 \u0111\u1eb7t ph\u00f2ng tr\u01b0\u1edbc 14 ng\u00e0y so v\u1edbi ng\u00e0y nh\u1eadn ph\u00f2ng \u0111\u00e3 \u0111\u1eb7t, to\u00e0n b\u1ed9 s\u1ed1 ti\u1ec1n \u0111\u00e3 thanh to\u00e1n cho booking s\u1ebd \u0111\u01b0\u1ee3c b\u1ed3i ho\u00e0n.<\/li>\n<li>Trong tr\u01b0\u1eddng h\u1ee3p Kh\u00e1ch h\u00e0ng hu\u1ef7 \u0111\u1eb7t ph\u00f2ng trong v\u00f2ng 14 ng\u00e0y so v\u1edbi ng\u00e0y \u0111\u1eb7t ph\u00f2ng \u0111\u00e3 \u0111\u1eb7t, kh\u00e1ch s\u1ea1n s\u1ebd t\u00ednh ph\u00ed ph\u1ea1t to\u00e0n b\u1ed9 ti\u1ec1n ph\u00f2ng<\/li>\n<li>Trong tr\u01b0\u1eddng h\u1ee3p no-show (Kh\u00e1ch h\u00e0ng \u0111\u1eb7t ph\u00f2ng nh\u01b0ng l\u1ea1i kh\u00f4ng \u0111\u1ebfn), th\u00ec Ch\u00fang t\u00f4i s\u1ebd t\u00ednh ph\u00ed ph\u1ea1t to\u00e0n b\u1ed9 ti\u1ec1n ph\u00f2ng<\/li>\n<\/ul>\n<h3>Ch\u00ednh s\u00e1ch \u0111\u1ea3m b\u1ea3o ho\u00e0n ti\u1ec1n<\/h3>\n<p>Trong tr\u01b0\u1eddng h\u1ee3p Kh\u00e1ch h\u00e0ng \u0111\u00e3 thanh to\u00e0n ti\u1ec1n c\u1ecdc, thanh to\u00e1n \u0111\u1ea7y \u0111\u1ee7 ti\u1ec1n \u0111\u1eb7t ph\u00f2ng. Nh\u01b0ng do \u0111i\u1ec1u ki\u1ec7n kh\u00e1ch quan n\u00ean h\u1ee7y chuy\u1ebfn \u0111i c\u1ee7a m\u00ecnh, Ch\u00fang t\u00f4i s\u1ebd xem x\u00e9t ho\u00e0n l\u1ea1i s\u1ed1 ti\u1ec1n cho Kh\u00e1ch h\u00e0ng. Vi\u1ec7c ho\u00e0n ti\u1ec1n s\u1ebd d\u1ef1a v\u00e0o quy \u0111\u1ecbnh c\u1ee7a m\u1ed7i \u0111\u01a1n \u0111\u1eb7t ph\u00f2ng kh\u00e1c nhau. Vi\u1ec7c ho\u00e0n ti\u1ec1n n\u00e0y s\u1ebd \u0111\u01b0\u1ee3c nh\u00e2n vi\u00ean c\u1ee7a Ch\u00fang t\u00f4i th\u00f4ng b\u00e1o ch\u00ednh th\u1ee9c cho Kh\u00e1ch h\u00e0ng qua email.<\/p>\n<ul>\n<li>Th\u1eddi gian b\u1ed3i ho\u00e0n l\u00e0 trong v\u00f2ng 21-30 ng\u00e0y l\u00e0m vi\u1ec7c tu\u1ef3 v\u00e0o ng\u00e2n h\u00e0ng.<\/li>\n<li>H\u00ecnh th\u1ee9c b\u1ed3i ho\u00e0n: b\u1ed3i ho\u00e0n t\u00e0i kho\u1ea3n ng\u00e2n h\u00e0ng \u0111\u00e3 \u0111\u01b0\u1ee3c cung c\u1ea5p ho\u1eb7c th\u1ebb \u0111\u00e3 thu ti\u1ec1n<\/li>\n<li>Chi ph\u00ed b\u1ed3i ho\u00e0n: mi\u1ec5n ph\u00ed.<\/li>\n<\/ul>\n<p><strong>*L\u01b0u \u00fd:<\/strong><\/p>\n<p>Ch\u00fang t\u00f4i c\u00f3 quy\u1ec1n thay \u0111\u1ed5i \u0111i\u1ec1u ki\u1ec7n, h\u1ee7y b\u1ecf ch\u00ednh s\u00e1ch b\u1ea5t c\u1ee9 l\u00fac n\u00e0o kh\u00f4ng c\u1ea7n th\u00f4ng b\u00e1o tr\u01b0\u1edbc.<\/p>\n<p>Ch\u00fang t\u00f4i kh\u00f4ng ch\u1ecbu tr\u00e1ch nhi\u1ec7m b\u1ed3i th\u01b0\u1eddng thi\u1ec7t h\u1ea1i, thay \u0111\u1ed5i ng\u00e0y, lo\u1ea1i ph\u00f2ng\u2026 gi\u00e1n ti\u1ebfp, ng\u1eabu nhi\u00ean hay do h\u1eadu qu\u1ea3 ph\u00e1t sinh ho\u1eb7c trong tr\u01b0\u1eddng h\u1ee3p b\u1ea5t kh\u1ea3 kh\u00e1ng (thi\u00ean tai, chi\u1ebfn tranh\u2026).<\/p>\n","protected":false},"excerpt":{"rendered":"<p>Quy tr\u00ecnh gi\u1ea3i quy\u1ebft khi\u1ebfu n\u1ea1i Khi ph\u00e1t sinh tranh ch\u1ea5p (sau khi Kh\u00e1ch h\u00e0ng \u0111\u00e3 \u0111\u1eb7t ph\u00f2ng), Kh\u00e1ch h\u00e0ng c\u00f3 th\u1ec3 khi\u1ebfu n\u1ea1i v\u1edbi Ch\u00fang t\u00f4i tr\u1ef1c ti\u1ebfp qua hotline c\u1ee7a kh\u00e1ch s\u1ea1n Khi\u1ebfu n\u1ea1i c\u1ee7a Kh\u00e1ch h\u00e0ng \u0111\u01b0\u1ee3c ti\u1ebfp nh\u1eadn v\u00e0 s\u1ebd \u0111\u01b0\u1ee3c chuy\u1ec3n \u0111\u1ebfn b\u1ed9 ph\u1eadn ph\u1ee5 tr\u00e1ch trong th\u1eddi gian 24h [&hellip;]<\/p>\n","protected":false},"author":2,"featured_media":0,"parent":0,"menu_order":5,"comment_status":"closed","ping_status":"closed","template":"","meta":{"inline_featured_image":false,"footnotes":""},"class_list":["post-550","page","type-page","status-publish","hentry"],"aioseo_notices":[],"_links":{"self":[{"href":"https:\/\/fusion-collection.com\/albawellnessvalleyhue\/wp-json\/wp\/v2\/pages\/550","targetHints":{"allow":["GET"]}}],"collection":[{"href":"https:\/\/fusion-collection.com\/albawellnessvalleyhue\/wp-json\/wp\/v2\/pages"}],"about":[{"href":"https:\/\/fusion-collection.com\/albawellnessvalleyhue\/wp-json\/wp\/v2\/types\/page"}],"author":[{"embeddable":true,"href":"https:\/\/fusion-collection.com\/albawellnessvalleyhue\/wp-json\/wp\/v2\/users\/2"}],"replies":[{"embeddable":true,"href":"https:\/\/fusion-collection.com\/albawellnessvalleyhue\/wp-json\/wp\/v2\/comments?post=550"}],"version-history":[{"count":2,"href":"https:\/\/fusion-collection.com\/albawellnessvalleyhue\/wp-json\/wp\/v2\/pages\/550\/revisions"}],"predecessor-version":[{"id":643,"href":"https:\/\/fusion-collection.com\/albawellnessvalleyhue\/wp-json\/wp\/v2\/pages\/550\/revisions\/643"}],"wp:attachment":[{"href":"https:\/\/fusion-collection.com\/albawellnessvalleyhue\/wp-json\/wp\/v2\/media?parent=550"}],"curies":[{"name":"wp","href":"https:\/\/api.w.org\/{rel}","templated":true}]}}