{"id":131,"date":"2026-02-09T08:02:09","date_gmt":"2026-02-09T08:02:09","guid":{"rendered":"https:\/\/fusion-collection.com\/grandroyalriversidehue\/?page_id=131"},"modified":"2026-04-08T14:51:53","modified_gmt":"2026-04-08T14:51:53","slug":"features","status":"publish","type":"page","link":"https:\/\/fusion-collection.com\/grandroyalriversidehue\/features\/","title":{"rendered":"Features"},"content":{"rendered":"\n\t<section class=\"section hyg_banner\" id=\"section_1240876415\">\n\t\t<div class=\"section-bg fill\" >\n\t\t\t\t\t\t\t\t\t\n\t\t\t\n\n\t\t<\/div>\n\n\t\t\n\n\t\t<div class=\"section-content relative\">\n\t\t\t\n\t<div class=\"img has-hover x md-x lg-x y md-y lg-y\" id=\"image_1350062315\">\n\t\t\t\t\t\t\t\t<div class=\"img-inner dark\" >\n\t\t\t<img loading=\"lazy\" decoding=\"async\" width=\"1020\" height=\"510\" src=\"https:\/\/fusion-collection.com\/grandroyalriversidehue\/wp-content\/uploads\/2026\/03\/Features-1024x512.jpg\" class=\"attachment-large size-large\" alt=\"\" srcset=\"https:\/\/fusion-collection.com\/grandroyalriversidehue\/wp-content\/uploads\/2026\/03\/Features-1024x512.jpg 1024w, https:\/\/fusion-collection.com\/grandroyalriversidehue\/wp-content\/uploads\/2026\/03\/Features-300x150.jpg 300w, https:\/\/fusion-collection.com\/grandroyalriversidehue\/wp-content\/uploads\/2026\/03\/Features-768x384.jpg 768w, https:\/\/fusion-collection.com\/grandroyalriversidehue\/wp-content\/uploads\/2026\/03\/Features-1536x768.jpg 1536w, https:\/\/fusion-collection.com\/grandroyalriversidehue\/wp-content\/uploads\/2026\/03\/Features-2048x1024.jpg 2048w\" sizes=\"auto, (max-width: 1020px) 100vw, 1020px\" \/>\t\t\t\t\t\t\n\t\t\t\t\t<\/div>\n\t\t\t\t\t\t\t\t\n<style>\n#image_1350062315 {\n  width: 100%;\n}\n<\/style>\n\t<\/div>\n\t\n\t<div id=\"text-4039138565\" class=\"text text-banner\">\n\t\t\n<h2>FEATURES<\/h2>\n\t\t\t<\/div>\n\t\n\t\t<\/div>\n\n\t\t\n<style>\n#section_1240876415 {\n  padding-top: 0px;\n  padding-bottom: 0px;\n}\n<\/style>\n\t<\/section>\n\t\n\n\t<section class=\"section hyg-book\" id=\"section_415697208\">\n\t\t<div class=\"section-bg fill\" >\n\t\t\t\t\t\t\t\t\t\n\t\t\t\n\n\t\t<\/div>\n\n\t\t\n\n\t\t<div class=\"section-content relative\">\n\t\t\t\n\n<div class=\"row\"  id=\"row-113056791\">\n\n\n\t<div id=\"col-1246197745\" class=\"col pb-0 small-12 large-12\"  >\n\t\t\t\t<div class=\"col-inner\"  >\n\t\t\t\n\t\t\t\n\n\n\n<form action=\"https:\/\/fchu.backhotelite.com\/en\/bookcore\/v4\/search-dispo.htm\" method=\"POST\" class=\"custom-booking-form\">\n    <div class=\"booking-box\">\n        <label for=\"entrada\">CHECK IN<\/label>\n        <input class=\"flatpickr-input\" type=\"text\" id=\"entrada\" name=\"entrada\" placeholder=\"Select date..\" required>\n    <\/div>\n    <div class=\"booking-box\">\n        <label for=\"salida\">CHECK OUT<\/label>\n        <input class=\"flatpickr-input\" type=\"text\" id=\"salida\" name=\"salida\" placeholder=\"Select date..\" required>\n    <\/div>\n    <div class=\"booking-box\">\n        <label for=\"id_adultos\">ADULT<\/label>\n        <div class=\"qty-wrapper\">\n            <span class=\"qty-btn minus\">-<\/span>\n            <input type=\"number\" id=\"id_adultos\" name=\"id_adultos\" min=\"1\" value=\"1\" required readonly>\n            <span class=\"qty-btn plus\">+<\/span>\n        <\/div>\n    <\/div>\n\n    <div class=\"booking-box\">\n        <label for=\"id_ninos\">CHILD<\/label>\n        <div class=\"qty-wrapper\">\n            <span class=\"qty-btn minus\">-<\/span>\n            <input type=\"number\" id=\"id_ninos\" name=\"id_ninos\" min=\"0\" value=\"0\" required readonly>\n            <span class=\"qty-btn plus\">+<\/span>\n        <\/div>\n        <input type=\"hidden\" id=\"id_edades\" name=\"id_edades\" value=\"0\">\n    <\/div>\n    <div class=\"booking-box\">\n        <input type=\"text\" id=\"codpromo\" name=\"codpromo\" placeholder=\"PROMO CODE\">\n        <input type=\"hidden\" name=\"sort_occupancy\" value=\"true\">\n    <\/div>\n    <div class=\"booking-box\">\n        <button type=\"submit\" class=\"button secondary\">CHECK RATES<\/button>\n    <\/div>\n<\/form>\n\n<script>\n    document.addEventListener('DOMContentLoaded', function () {\n        \/\/ C\u1ea5u h\u00ecnh l\u1ecbch Check-in\n        const checkinPicker = flatpickr(\"#entrada\", {\n            dateFormat: \"d\/m\/Y\", \/\/ \u00c9p \u0111\u1ecbnh d\u1ea1ng dd\/mm\/yyyy g\u1eedi v\u1ec1 server\n            minDate: \"today\",    \/\/ Kh\u00f4ng cho ph\u00e9p ch\u1ecdn ng\u00e0y trong qu\u00e1 kh\u1ee9\n            onChange: function (selectedDates, dateStr, instance) {\n                \/\/ T\u1ef1 \u0111\u1ed9ng set ng\u00e0y Check-out t\u1ed1i thi\u1ec3u l\u00e0 sau ng\u00e0y Check-in 1 ng\u00e0y\n                if (selectedDates[0]) {\n                    let nextDay = new Date(selectedDates[0]);\n                    nextDay.setDate(nextDay.getDate() + 1);\n                    checkoutPicker.set('minDate', nextDay);\n                }\n            }\n        });\n\n        \/\/ C\u1ea5u h\u00ecnh l\u1ecbch Check-out\n        const checkoutPicker = flatpickr(\"#salida\", {\n            dateFormat: \"d\/m\/Y\",\n            minDate: \"today\"\n        });\n    });\n<\/script>\n\n\n\t\t<\/div>\n\t\t\t\t\t<\/div>\n\n\t\n\n<\/div>\n\n\t\t<\/div>\n\n\t\t\n<style>\n#section_415697208 {\n  padding-top: 30px;\n  padding-bottom: 30px;\n}\n<\/style>\n\t<\/section>\n\t\n\n\n<div id=\"booking-panel-mobile\">\n    <div class=\"booking-panel-header\">\n        <span class=\"close-panel\">&times;<\/span>\n    <\/div>\n\n    <form action=\"https:\/\/fchu.backhotelite.com\/en\/bookcore\/v4\/search-dispo.htm\" method=\"POST\" class=\"custom-booking-form\">\n        <div class=\"booking-box\">\n            <label for=\"id_adultos-mobile\">ADULT<\/label>\n            <div class=\"qty-wrapper\">\n                <span class=\"qty-btn minus\">-<\/span>\n                <input type=\"number\" id=\"id_adultos-mobile\" name=\"id_adultos\" min=\"1\" value=\"1\" required readonly>\n                <span class=\"qty-btn plus\">+<\/span>\n            <\/div>\n        <\/div>\n\n        <div class=\"booking-box\">\n            <label for=\"id_ninos-mobile\">CHILD<\/label>\n            <div class=\"qty-wrapper\">\n                <span class=\"qty-btn minus\">-<\/span>\n                <input type=\"number\" id=\"id_ninos-mobile\" name=\"id_ninos\" min=\"0\" value=\"0\" required readonly>\n                <span class=\"qty-btn plus\">+<\/span>\n            <\/div>\n            <input type=\"hidden\" id=\"id_edades-mobile\" name=\"id_edades\" value=\"0\">\n        <\/div>\n        \n        <div class=\"booking-box\">\n            <label for=\"codpromo-mobile\">PROMO CODE<\/label>\n            <input type=\"text\" id=\"codpromo-mobile\" name=\"codpromo\">\n            <input type=\"hidden\" name=\"sort_occupancy\" value=\"true\">\n        <\/div>\n        \n        <div class=\"booking-box\">\n            <label for=\"entrada-mobile\">CHECK IN<\/label>\n            <input type=\"text\" id=\"entrada-mobile\" name=\"entrada\" placeholder=\"Select date..\" required>\n        <\/div>\n        \n        <div class=\"booking-box\">\n            <label for=\"salida-mobile\">CHECK OUT<\/label>\n            <input type=\"text\" id=\"salida-mobile\" name=\"salida\" placeholder=\"Select date..\" required>\n        <\/div>\n        \n        <div class=\"booking-box\">\n            <button type=\"submit\" class=\"button secondary\">CHECK RATES<\/button>\n        <\/div>\n    <\/form>\n<\/div>\n\n<button class=\"fixed-booking-trigger booking-trigger\">CHECK RATES<\/button>\n\n\n\n<script>\ndocument.addEventListener('DOMContentLoaded', function () {\n    \n    \/\/ ==========================================\n    \/\/ 1. C\u1ea4U H\u00ccNH L\u1ecaCH CHO DESKTOP\n    \/\/ ==========================================\n    const checkoutPickerDesktop = flatpickr(\"#salida\", {\n        dateFormat: \"d\/m\/Y\",\n        minDate: \"today\",\n        disableMobile: \"true\"\n    });\n\n    const checkinPickerDesktop = flatpickr(\"#entrada\", {\n        dateFormat: \"d\/m\/Y\",\n        minDate: \"today\",\n        disableMobile: \"true\",\n        onChange: function (selectedDates, dateStr, instance) {\n            if (selectedDates[0]) {\n                let nextDay = new Date(selectedDates[0]);\n                nextDay.setDate(nextDay.getDate() + 1);\n                checkoutPickerDesktop.set('minDate', nextDay);\n            }\n        }\n    });\n\n    \/\/ ==========================================\n    \/\/ 2. C\u1ea4U H\u00ccNH L\u1ecaCH CHO MOBILE\n    \/\/ ==========================================\n    const checkoutPickerMobile = flatpickr(\"#salida-mobile\", {\n        dateFormat: \"d\/m\/Y\",\n        minDate: \"today\",\n        disableMobile: \"true\" \n    });\n\n    const checkinPickerMobile = flatpickr(\"#entrada-mobile\", {\n        dateFormat: \"d\/m\/Y\",\n        minDate: \"today\",\n        disableMobile: \"true\",\n        onChange: function (selectedDates, dateStr, instance) {\n            if (selectedDates[0]) {\n                let nextDay = new Date(selectedDates[0]);\n                nextDay.setDate(nextDay.getDate() + 1);\n                checkoutPickerMobile.set('minDate', nextDay);\n            }\n        }\n    });\n\n});\n<\/script>\n\n\n\t<section class=\"section\" id=\"section_1601450400\">\n\t\t<div class=\"section-bg fill\" >\n\t\t\t<img loading=\"lazy\" decoding=\"async\" width=\"1440\" height=\"543\" src=\"https:\/\/fusion-collection.com\/grandroyalriversidehue\/wp-content\/uploads\/2026\/02\/Pattern.png\" class=\"bg attachment- size-\" alt=\"\" \/>\t\t\t\t\t\t\n\t\t\t\n\n\t\t<\/div>\n\n\t\t\n\n\t\t<div class=\"section-content relative\">\n\t\t\t\n\t<div id=\"gap-1393839978\" class=\"gap-element clearfix\" style=\"display:block; height:auto;\">\n\t\t\n<style>\n#gap-1393839978 {\n  padding-top: 0px;\n}\n@media (min-width:550px) {\n  #gap-1393839978 {\n    padding-top: 30px;\n  }\n}\n<\/style>\n\t<\/div>\n\t\n<div class=\"row\"  id=\"row-1324005715\">\n\n\t<div id=\"col-1094460393\" class=\"col small-12 large-12\"  data-animate=\"fadeInUp\">\n\t\t\t\t<div class=\"col-inner text-center\"  >\n\t\t\t\n\t\t\t\n\t<div id=\"text-2430230858\" class=\"text hyg_title\">\n\t\t\n<h3>EXPERIENCES DESIGNED FOR BALANCED LIVING<\/h3>\n\t\t\t<\/div>\n\t\n<p>A thoughtfully curated selection of facilities and experiences designed to complement your stay at Grand Royal Riverside Hue &#8211; Fusion Collection. From mindful movement at the Fitness Centre and moments of release at the Outdoor Pool, to a range of engaging activities hosted throughout the hotel, each feature invites you to experience balance, energy, and quiet enjoyment &#8211; at your own pace.<\/p>\n\t\t<\/div>\n\t\t\t\t\t<\/div>\n\n\t\n<\/div>\n<div class=\"row align-middle\"  id=\"row-1937821311\">\n\n\t<div id=\"col-691375396\" class=\"col center-phone medium-5 small-12 large-5\"  data-animate=\"fadeInUp\">\n\t\t\t\t<div class=\"col-inner\"  >\n\t\t\t\n\t\t\t\n\t<div id=\"text-3943519247\" class=\"text hyg_title\">\n\t\t\n<h3>FITNESS CENTRE<\/h3>\n\t\t\t<\/div>\n\t\n<p>Designed for focused training and conscious energy, the space supports a disciplined yet unhurried approach to wellbeing. Each session is an opportunity to reawaken the body, restore inner balance, and cultivate strength that feels grounded, resilient, and enduring.<\/p>\n\t<div id=\"text-605306031\" class=\"text sec-color\">\n\t\t\n<p><strong>Opening hours: 24\/7<\/strong><\/p>\n\t\t\t<\/div>\n\t\n\t\t<\/div>\n\t\t\t\t\t<\/div>\n\n\t\n\n\t<div id=\"col-1410078437\" class=\"col medium-7 small-12 large-7 small-col-first\"  data-animate=\"fadeInUp\">\n\t\t\t\t<div class=\"col-inner\"  >\n\t\t\t\n\t\t\t\n\t<div class=\"img has-hover sec-box-right x md-x lg-x y md-y lg-y\" id=\"image_1392423770\">\n\t\t\t\t\t\t\t\t<div class=\"img-inner dark\" >\n\t\t\t<img loading=\"lazy\" decoding=\"async\" width=\"1020\" height=\"680\" src=\"https:\/\/fusion-collection.com\/grandroyalriversidehue\/wp-content\/uploads\/2026\/03\/FITNESS-1024x683.jpg\" class=\"attachment-large size-large\" alt=\"\" srcset=\"https:\/\/fusion-collection.com\/grandroyalriversidehue\/wp-content\/uploads\/2026\/03\/FITNESS-1024x683.jpg 1024w, https:\/\/fusion-collection.com\/grandroyalriversidehue\/wp-content\/uploads\/2026\/03\/FITNESS-300x200.jpg 300w, https:\/\/fusion-collection.com\/grandroyalriversidehue\/wp-content\/uploads\/2026\/03\/FITNESS-768x512.jpg 768w, https:\/\/fusion-collection.com\/grandroyalriversidehue\/wp-content\/uploads\/2026\/03\/FITNESS.jpg 1200w\" sizes=\"auto, (max-width: 1020px) 100vw, 1020px\" \/>\t\t\t\t\t\t\n\t\t\t\t\t<\/div>\n\t\t\t\t\t\t\t\t\n<style>\n#image_1392423770 {\n  width: 100%;\n}\n<\/style>\n\t<\/div>\n\t\n\t\t<\/div>\n\t\t\t\t\t<\/div>\n\n\t\n<\/div>\n\t<div id=\"gap-212253935\" class=\"gap-element clearfix\" style=\"display:block; height:auto;\">\n\t\t\n<style>\n#gap-212253935 {\n  padding-top: 0px;\n}\n@media (min-width:550px) {\n  #gap-212253935 {\n    padding-top: 30px;\n  }\n}\n<\/style>\n\t<\/div>\n\t\n<div class=\"row align-middle\"  id=\"row-178497521\">\n\n\t<div id=\"col-45246555\" class=\"col medium-6 small-12 large-6\"  data-animate=\"fadeInUp\">\n\t\t\t\t<div class=\"col-inner\"  >\n\t\t\t\n\t\t\t\n\t<div class=\"img has-hover sec-box-left x md-x lg-x y md-y lg-y\" id=\"image_990966523\">\n\t\t\t\t\t\t\t\t<div class=\"img-inner dark\" >\n\t\t\t<img loading=\"lazy\" decoding=\"async\" width=\"1020\" height=\"971\" src=\"https:\/\/fusion-collection.com\/grandroyalriversidehue\/wp-content\/uploads\/2026\/03\/POOL-e1773047058274-1024x975.jpg\" class=\"attachment-large size-large\" alt=\"\" srcset=\"https:\/\/fusion-collection.com\/grandroyalriversidehue\/wp-content\/uploads\/2026\/03\/POOL-e1773047058274-1024x975.jpg 1024w, https:\/\/fusion-collection.com\/grandroyalriversidehue\/wp-content\/uploads\/2026\/03\/POOL-e1773047058274-300x286.jpg 300w, https:\/\/fusion-collection.com\/grandroyalriversidehue\/wp-content\/uploads\/2026\/03\/POOL-e1773047058274-768x731.jpg 768w, https:\/\/fusion-collection.com\/grandroyalriversidehue\/wp-content\/uploads\/2026\/03\/POOL-e1773047058274.jpg 1200w\" sizes=\"auto, (max-width: 1020px) 100vw, 1020px\" \/>\t\t\t\t\t\t\n\t\t\t\t\t<\/div>\n\t\t\t\t\t\t\t\t\n<style>\n#image_990966523 {\n  width: 80%;\n}\n<\/style>\n\t<\/div>\n\t\n\t\t<\/div>\n\t\t\t\t\t<\/div>\n\n\t\n\n\t<div id=\"col-1616178922\" class=\"col center-phone medium-6 small-12 large-6\"  data-animate=\"fadeInUp\">\n\t\t\t\t<div class=\"col-inner text-right\"  >\n\t\t\t\n\t\t\t\n\t<div id=\"text-567858649\" class=\"text hyg_title\">\n\t\t\n<h3>OUTDOOR POOL<\/h3>\n\t\t\t<\/div>\n\t\n<p>Outdoor Pool offers a powerful sense of release &#8211; where water, light, and open air work together to restore the body. Immersed in a serene outdoor setting, the pool invites both gentle movement and effortless stillness, allowing muscles to relax and energy to flow freely. It is a space to unwind, recover, and reconnect with a natural rhythm of calm.<\/p>\n\t<div id=\"text-3618482879\" class=\"text sec-color\">\n\t\t\n<p><strong>Opening hours: 6:00 AM &#8211; 8:00 PM<\/strong><\/p>\n\t\t\t<\/div>\n\t\n\t\t<\/div>\n\t\t\t\t\t<\/div>\n\n\t\n<\/div>\n\t<div id=\"gap-98909085\" class=\"gap-element clearfix\" style=\"display:block; height:auto;\">\n\t\t\n<style>\n#gap-98909085 {\n  padding-top: 0px;\n}\n@media (min-width:550px) {\n  #gap-98909085 {\n    padding-top: 30px;\n  }\n}\n<\/style>\n\t<\/div>\n\t\n<div class=\"row align-middle\"  id=\"row-850236425\">\n\n\t<div id=\"col-1938727272\" class=\"col center-phone pb-0 medium-5 small-12 large-5\"  data-animate=\"fadeInUp\">\n\t\t\t\t<div class=\"col-inner\"  >\n\t\t\t\n\t\t\t\n\t<div id=\"text-3739394784\" class=\"text hyg_title\">\n\t\t\n<h3>GARDEN<\/h3>\n\t\t\t<\/div>\n\t\n<p>Garden is a tranquil outdoor haven bathed in natural light. Surrounded by lush greenery, it offers a serene escape, perfect for leisurely strolls, quiet reading, savoring tea, and embracing moments of pure peace.<\/p>\n\t<div id=\"text-1032930389\" class=\"text sec-color\">\n\t\t\n<p><strong>Opening hours: 7:00 AM &#8211; 10:00 PM<\/strong><\/p>\n\t\t\t<\/div>\n\t\n\t\t<\/div>\n\t\t\t\t\t<\/div>\n\n\t\n\n\t<div id=\"col-167704736\" class=\"col medium-7 small-12 large-7 small-col-first\"  data-animate=\"fadeInUp\">\n\t\t\t\t<div class=\"col-inner\"  >\n\t\t\t\n\t\t\t\n\t<div class=\"img has-hover sec-box-right x md-x lg-x y md-y lg-y\" id=\"image_1125837671\">\n\t\t\t\t\t\t\t\t<div class=\"img-inner dark\" >\n\t\t\t<img loading=\"lazy\" decoding=\"async\" width=\"1020\" height=\"680\" src=\"https:\/\/fusion-collection.com\/grandroyalriversidehue\/wp-content\/uploads\/2026\/04\/IMG_0113-1024x683.jpg\" class=\"attachment-large size-large\" alt=\"\" srcset=\"https:\/\/fusion-collection.com\/grandroyalriversidehue\/wp-content\/uploads\/2026\/04\/IMG_0113-1024x683.jpg 1024w, https:\/\/fusion-collection.com\/grandroyalriversidehue\/wp-content\/uploads\/2026\/04\/IMG_0113-300x200.jpg 300w, https:\/\/fusion-collection.com\/grandroyalriversidehue\/wp-content\/uploads\/2026\/04\/IMG_0113-768x512.jpg 768w, https:\/\/fusion-collection.com\/grandroyalriversidehue\/wp-content\/uploads\/2026\/04\/IMG_0113-1536x1024.jpg 1536w, https:\/\/fusion-collection.com\/grandroyalriversidehue\/wp-content\/uploads\/2026\/04\/IMG_0113-2048x1365.jpg 2048w\" sizes=\"auto, (max-width: 1020px) 100vw, 1020px\" \/>\t\t\t\t\t\t\n\t\t\t\t\t<\/div>\n\t\t\t\t\t\t\t\t\n<style>\n#image_1125837671 {\n  width: 100%;\n}\n<\/style>\n\t<\/div>\n\t\n\t\t<\/div>\n\t\t\t\t\t<\/div>\n\n\t\n<\/div>\n\t<div id=\"gap-106662597\" class=\"gap-element clearfix\" style=\"display:block; height:auto;\">\n\t\t\n<style>\n#gap-106662597 {\n  padding-top: 0px;\n}\n@media (min-width:550px) {\n  #gap-106662597 {\n    padding-top: 30px;\n  }\n}\n<\/style>\n\t<\/div>\n\t\n\t\t<\/div>\n\n\t\t\n<style>\n#section_1601450400 {\n  padding-top: 30px;\n  padding-bottom: 30px;\n}\n#section_1601450400 .section-bg img {\n  object-position: 50% 50%;\n}\n<\/style>\n\t<\/section>\n\t\n","protected":false},"excerpt":{"rendered":"","protected":false},"author":1,"featured_media":0,"parent":0,"menu_order":0,"comment_status":"closed","ping_status":"closed","template":"page-transparent-header-light.php","meta":{"footnotes":""},"class_list":["post-131","page","type-page","status-publish","hentry"],"_links":{"self":[{"href":"https:\/\/fusion-collection.com\/grandroyalriversidehue\/wp-json\/wp\/v2\/pages\/131","targetHints":{"allow":["GET"]}}],"collection":[{"href":"https:\/\/fusion-collection.com\/grandroyalriversidehue\/wp-json\/wp\/v2\/pages"}],"about":[{"href":"https:\/\/fusion-collection.com\/grandroyalriversidehue\/wp-json\/wp\/v2\/types\/page"}],"author":[{"embeddable":true,"href":"https:\/\/fusion-collection.com\/grandroyalriversidehue\/wp-json\/wp\/v2\/users\/1"}],"replies":[{"embeddable":true,"href":"https:\/\/fusion-collection.com\/grandroyalriversidehue\/wp-json\/wp\/v2\/comments?post=131"}],"version-history":[{"count":20,"href":"https:\/\/fusion-collection.com\/grandroyalriversidehue\/wp-json\/wp\/v2\/pages\/131\/revisions"}],"predecessor-version":[{"id":1259,"href":"https:\/\/fusion-collection.com\/grandroyalriversidehue\/wp-json\/wp\/v2\/pages\/131\/revisions\/1259"}],"wp:attachment":[{"href":"https:\/\/fusion-collection.com\/grandroyalriversidehue\/wp-json\/wp\/v2\/media?parent=131"}],"curies":[{"name":"wp","href":"https:\/\/api.w.org\/{rel}","templated":true}]}}