{"id":11,"date":"2024-02-27T03:00:19","date_gmt":"2024-02-27T03:00:19","guid":{"rendered":"https:\/\/fusion-collection.com\/theoceanresortquynhon\/oceanvillasquynhon\/?page_id=11"},"modified":"2025-08-26T14:06:03","modified_gmt":"2025-08-26T07:06:03","slug":"trang-chu","status":"publish","type":"page","link":"https:\/\/fusion-collection.com\/theoceanresortquynhon\/vi\/","title":{"rendered":"Trang ch\u1ee7"},"content":{"rendered":"","protected":false},"excerpt":{"rendered":"<p>N\u1eb1m \u1edf mi\u1ec1n trung Vi\u1ec7t Nam, n\u01a1i c\u00e1t tr\u1eafng tr\u1ea3i d\u00e0i \u0111\u00f3n l\u1ea5y \u0111\u1ea1i d\u01b0\u01a1ng \u00eam \u0111\u1ec1m, The Ocean Resort Quy Nh\u01a1n \u0111ong \u0111\u1ea7y h\u1ed3n bi\u1ec3n v\u00e0o trong t\u1eebng ng\u00f3c ng\u00e1ch. \u0110\u01b0\u1ee3c qu\u1ea3n l\u00fd b\u1edfi t\u1eadp \u0111o\u00e0n Fusion, khu ngh\u1ec9 d\u01b0\u1ee1ng mang \u0111\u1ebfn nh\u1eefng tr\u1ea3i nghi\u1ec7m sang tr\u1ecdng, kh\u01a1i ngu\u1ed3n c\u1ea3m h\u1ee9ng v\u00e0 \u0111\u00e1nh th\u1ee9c m\u1ecdi gi\u00e1c quan. <\/p>\n","protected":false},"author":1,"featured_media":1940,"parent":0,"menu_order":0,"comment_status":"closed","ping_status":"closed","template":"","meta":{"footnotes":""},"class_list":["post-11","page","type-page","status-publish","has-post-thumbnail","hentry"],"acf":[],"lang":"vi","translations":{"vi":11,"en":9},"pll_sync_post":[],"_links":{"self":[{"href":"https:\/\/fusion-collection.com\/theoceanresortquynhon\/wp-json\/wp\/v2\/pages\/11","targetHints":{"allow":["GET"]}}],"collection":[{"href":"https:\/\/fusion-collection.com\/theoceanresortquynhon\/wp-json\/wp\/v2\/pages"}],"about":[{"href":"https:\/\/fusion-collection.com\/theoceanresortquynhon\/wp-json\/wp\/v2\/types\/page"}],"author":[{"embeddable":true,"href":"https:\/\/fusion-collection.com\/theoceanresortquynhon\/wp-json\/wp\/v2\/users\/1"}],"replies":[{"embeddable":true,"href":"https:\/\/fusion-collection.com\/theoceanresortquynhon\/wp-json\/wp\/v2\/comments?post=11"}],"version-history":[{"count":40,"href":"https:\/\/fusion-collection.com\/theoceanresortquynhon\/wp-json\/wp\/v2\/pages\/11\/revisions"}],"predecessor-version":[{"id":2586,"href":"https:\/\/fusion-collection.com\/theoceanresortquynhon\/wp-json\/wp\/v2\/pages\/11\/revisions\/2586"}],"wp:featuredmedia":[{"embeddable":true,"href":"https:\/\/fusion-collection.com\/theoceanresortquynhon\/wp-json\/wp\/v2\/media\/1940"}],"wp:attachment":[{"href":"https:\/\/fusion-collection.com\/theoceanresortquynhon\/wp-json\/wp\/v2\/media?parent=11"}],"curies":[{"name":"wp","href":"https:\/\/api.w.org\/{rel}","templated":true}]}}