{"id":291,"date":"2024-03-16T17:56:47","date_gmt":"2024-03-16T10:56:47","guid":{"rendered":"https:\/\/fusion-collection.com\/theoceanresortquynhon\/oceanvillasquynhon\/?page_id=291"},"modified":"2024-03-29T15:20:45","modified_gmt":"2024-03-29T08:20:45","slug":"lien-he","status":"publish","type":"page","link":"https:\/\/fusion-collection.com\/theoceanresortquynhon\/vi\/lien-he\/","title":{"rendered":"Li\u00ean h\u1ec7"},"content":{"rendered":"<div class=\"wpforms-container wpforms-container-full contact__form wpforms-render-modern\" id=\"wpforms-1049\"><form id=\"wpforms-form-1049\" class=\"wpforms-validate wpforms-form wpforms-ajax-form\" data-formid=\"1049\" method=\"post\" enctype=\"multipart\/form-data\" action=\"\/theoceanresortquynhon\/wp-json\/wp\/v2\/pages\/291\" data-token=\"31ec76f78e7a0708a7541034479d92b8\"><div class=\"wpforms-head-container\"><div class=\"wpforms-title\">Li\u00ean h\u1ec7 v\u1edbi ch\u00fang t\u00f4i<\/div><\/div><noscript class=\"wpforms-error-noscript\">Please enable JavaScript in your browser to complete this form.<\/noscript><div class=\"wpforms-hidden\" id=\"wpforms-error-noscript\">Please enable JavaScript in your browser to complete this form.<\/div><div class=\"wpforms-field-container\"><div id=\"wpforms-1049-field_0-container\" class=\"wpforms-field wpforms-field-name contact__form__input\" data-field-id=\"0\"><label class=\"wpforms-field-label wpforms-label-hide\" for=\"wpforms-1049-field_0\" aria-hidden=\"false\">T\u00ean <span class=\"wpforms-required-label\" aria-hidden=\"true\">*<\/span><\/label><input type=\"text\" id=\"wpforms-1049-field_0\" class=\"wpforms-field-large wpforms-field-required\" name=\"wpforms[fields][0]\" placeholder=\"T\u00ean\" aria-errormessage=\"wpforms-1049-field_0-error\" required><\/div><div id=\"wpforms-1049-field_1-container\" class=\"wpforms-field wpforms-field-email contact__form__input\" data-field-id=\"1\"><label class=\"wpforms-field-label wpforms-label-hide\" for=\"wpforms-1049-field_1\" aria-hidden=\"false\">Email <span class=\"wpforms-required-label\" aria-hidden=\"true\">*<\/span><\/label><input type=\"email\" id=\"wpforms-1049-field_1\" class=\"wpforms-field-large wpforms-field-required\" name=\"wpforms[fields][1]\" placeholder=\"Email\" spellcheck=\"false\" aria-errormessage=\"wpforms-1049-field_1-error\" required><\/div><div id=\"wpforms-1049-field_4-container\" class=\"wpforms-field wpforms-field-phone contact__form__input\" data-field-id=\"4\"><label class=\"wpforms-field-label wpforms-label-hide\" for=\"wpforms-1049-field_4\" aria-hidden=\"false\">S\u1ed1 \u0111i\u1ec7n tho\u1ea1i <span class=\"wpforms-required-label\" aria-hidden=\"true\">*<\/span><\/label><input type=\"tel\" id=\"wpforms-1049-field_4\" class=\"wpforms-field-large wpforms-field-required wpforms-smart-phone-field\" data-rule-smart-phone-field=\"true\" name=\"wpforms[fields][4]\" placeholder=\"S\u1ed1 \u0111i\u1ec7n tho\u1ea1i\" aria-errormessage=\"wpforms-1049-field_4-error\" required><\/div><div id=\"wpforms-1049-field_5-container\" class=\"wpforms-field wpforms-field-select wpforms-field-select-style-classic\" data-field-id=\"5\"><label class=\"wpforms-field-label\" for=\"wpforms-1049-field_5\">M\u1ee5c \u0111\u00edch li\u00ean h\u1ec7 <span class=\"wpforms-required-label\" aria-hidden=\"true\">*<\/span><\/label><select id=\"wpforms-1049-field_5\" class=\"wpforms-field-medium wpforms-field-required\" name=\"wpforms[fields][5]\" required=\"required\"><option value=\"Quy \u0111\u1ecbnh &amp; \u0110i\u1ec1u kho\u1ea3n\" >Quy \u0111\u1ecbnh &amp; \u0110i\u1ec1u kho\u1ea3n<\/option><option value=\"H\u00e0nh tr\u00ecnh du l\u1ecbch &amp; Tr\u1ea3i nghi\u1ec7m\" >H\u00e0nh tr\u00ecnh du l\u1ecbch &amp; Tr\u1ea3i nghi\u1ec7m<\/option><option value=\"Th\u00f4ng tin \u0111\u1eb7t ph\u00f2ng\" >Th\u00f4ng tin \u0111\u1eb7t ph\u00f2ng<\/option><option value=\"S\u1ef1 ki\u1ec7n &amp; L\u1ec5 k\u1ef7 ni\u1ec7m\" >S\u1ef1 ki\u1ec7n &amp; L\u1ec5 k\u1ef7 ni\u1ec7m<\/option><option value=\"Marketing &amp; H\u1ee3p t\u00e1c\" >Marketing &amp; H\u1ee3p t\u00e1c<\/option><\/select><\/div><div id=\"wpforms-1049-field_2-container\" class=\"wpforms-field wpforms-field-textarea contact__form__input\" data-field-id=\"2\"><label class=\"wpforms-field-label wpforms-label-hide\" for=\"wpforms-1049-field_2\" aria-hidden=\"false\">Vui l\u00f2ng vi\u1ebft c\u00e2u h\u1ecfi t\u1ea1i \u0111\u00e2y<\/label><textarea id=\"wpforms-1049-field_2\" class=\"wpforms-field-small\" name=\"wpforms[fields][2]\" placeholder=\"Vui l\u00f2ng vi\u1ebft c\u00e2u h\u1ecfi t\u1ea1i \u0111\u00e2y\" aria-errormessage=\"wpforms-1049-field_2-error\" ><\/textarea><\/div><\/div><!-- .wpforms-field-container --><div class=\"wpforms-submit-container\" ><input type=\"hidden\" name=\"wpforms[id]\" value=\"1049\"><input type=\"hidden\" name=\"wpforms[author]\" value=\"1\"><button type=\"submit\" name=\"wpforms[submit]\" id=\"wpforms-submit-1049\" class=\"wpforms-submit\" data-alt-text=\"\u0110ang g\u1eedi...\" data-submit-text=\"G\u1eedi tin nh\u1eafn\" aria-live=\"assertive\" value=\"wpforms-submit\">G\u1eedi tin nh\u1eafn<\/button><img decoding=\"async\" src=\"https:\/\/fusion-collection.com\/theoceanresortquynhon\/wp-content\/plugins\/wpforms\/assets\/images\/submit-spin.svg\" class=\"wpforms-submit-spinner\" style=\"display: none;\" width=\"26\" height=\"26\" alt=\"Loading\"><\/div><\/form><\/div>  <!-- .wpforms-container -->\n","protected":false},"excerpt":{"rendered":"","protected":false},"author":1,"featured_media":1192,"parent":0,"menu_order":0,"comment_status":"closed","ping_status":"closed","template":"templates\/page-contact.php","meta":{"footnotes":""},"class_list":["post-291","page","type-page","status-publish","has-post-thumbnail","hentry"],"acf":[],"lang":"vi","translations":{"vi":291,"en":287},"pll_sync_post":[],"_links":{"self":[{"href":"https:\/\/fusion-collection.com\/theoceanresortquynhon\/wp-json\/wp\/v2\/pages\/291","targetHints":{"allow":["GET"]}}],"collection":[{"href":"https:\/\/fusion-collection.com\/theoceanresortquynhon\/wp-json\/wp\/v2\/pages"}],"about":[{"href":"https:\/\/fusion-collection.com\/theoceanresortquynhon\/wp-json\/wp\/v2\/types\/page"}],"author":[{"embeddable":true,"href":"https:\/\/fusion-collection.com\/theoceanresortquynhon\/wp-json\/wp\/v2\/users\/1"}],"replies":[{"embeddable":true,"href":"https:\/\/fusion-collection.com\/theoceanresortquynhon\/wp-json\/wp\/v2\/comments?post=291"}],"version-history":[{"count":2,"href":"https:\/\/fusion-collection.com\/theoceanresortquynhon\/wp-json\/wp\/v2\/pages\/291\/revisions"}],"predecessor-version":[{"id":1054,"href":"https:\/\/fusion-collection.com\/theoceanresortquynhon\/wp-json\/wp\/v2\/pages\/291\/revisions\/1054"}],"wp:featuredmedia":[{"embeddable":true,"href":"https:\/\/fusion-collection.com\/theoceanresortquynhon\/wp-json\/wp\/v2\/media\/1192"}],"wp:attachment":[{"href":"https:\/\/fusion-collection.com\/theoceanresortquynhon\/wp-json\/wp\/v2\/media?parent=291"}],"curies":[{"name":"wp","href":"https:\/\/api.w.org\/{rel}","templated":true}]}}